{"id":20,"date":"2022-05-18T18:17:06","date_gmt":"2022-05-18T18:17:06","guid":{"rendered":"https:\/\/interautogt.com\/site\/home\/"},"modified":"2022-05-18T21:55:20","modified_gmt":"2022-05-18T21:55:20","slug":"inicio","status":"publish","type":"page","link":"https:\/\/interautogt.com\/site\/","title":{"rendered":"Inicio"},"content":{"rendered":"\n\n\n\n\n\n\n\n\n\n\n<h2>Quienes Somos<\/h2>\n\n\n<p><span style=\"color: rgb(242, 242, 242);\">Somos una empresa Guatemalteca con mas de 20 a\u00f1os de Experiencia y participaci\u00f3n en el mercado nacional, logrando as\u00ed ubicarnos como una de las mejores opciones de negocio para su empresa, disponemos de una amplia fuerza de ventas, capacitada, responsable e innovadora por medio de la cual cubrimos todo el pa\u00eds, permitiendonos as\u00ed atender a todos nuestros clientes con el mejor servicio posible.<\/span><\/p>\n\n\n\n\n\n\n\n<p style=\"text-align: center;\"><br><\/p>\n\n\n\n\n\n\n\n","protected":false},"excerpt":{"rendered":"","protected":false},"author":1,"featured_media":0,"parent":0,"menu_order":0,"comment_status":"closed","ping_status":"closed","template":"","meta":{"footnotes":""},"class_list":["post-20","page","type-page","status-publish","hentry"],"_links":{"self":[{"href":"https:\/\/interautogt.com\/site\/wp-json\/wp\/v2\/pages\/20","targetHints":{"allow":["GET"]}}],"collection":[{"href":"https:\/\/interautogt.com\/site\/wp-json\/wp\/v2\/pages"}],"about":[{"href":"https:\/\/interautogt.com\/site\/wp-json\/wp\/v2\/types\/page"}],"author":[{"embeddable":true,"href":"https:\/\/interautogt.com\/site\/wp-json\/wp\/v2\/users\/1"}],"replies":[{"embeddable":true,"href":"https:\/\/interautogt.com\/site\/wp-json\/wp\/v2\/comments?post=20"}],"version-history":[{"count":40,"href":"https:\/\/interautogt.com\/site\/wp-json\/wp\/v2\/pages\/20\/revisions"}],"predecessor-version":[{"id":227,"href":"https:\/\/interautogt.com\/site\/wp-json\/wp\/v2\/pages\/20\/revisions\/227"}],"wp:attachment":[{"href":"https:\/\/interautogt.com\/site\/wp-json\/wp\/v2\/media?parent=20"}],"curies":[{"name":"wp","href":"https:\/\/api.w.org\/{rel}","templated":true}]}}